{"id":26,"date":"2013-06-02T08:07:15","date_gmt":"2013-06-02T06:07:15","guid":{"rendered":"http:\/\/localhost\/berta2\/?page_id=26"},"modified":"2023-06-25T17:09:09","modified_gmt":"2023-06-25T15:09:09","slug":"specialita","status":"publish","type":"page","link":"https:\/\/www.cascinalaprimavera.it\/?page_id=26","title":{"rendered":"Specialita&#8217;"},"content":{"rendered":"\n<div class=\"wp-block-query is-layout-flow\"><ul class=\"is-flex-container columns-2 wp-block-post-template is-layout-flow\"><li class=\"wp-block-post post-325 post type-post status-publish format-standard has-post-thumbnail hentry category-specialita\">\n<h2 class=\"wp-block-post-title\"><a href=\"https:\/\/www.cascinalaprimavera.it\/?p=325\" target=\"_self\" >Grissini allo yogurt<\/a><\/h2>\n\n<figure class=\"alignwide wp-block-post-featured-image\"><a href=\"https:\/\/www.cascinalaprimavera.it\/?p=325\" target=\"_self\"  ><img width=\"300\" height=\"224\" src=\"https:\/\/www.cascinalaprimavera.it\/wp-content\/uploads\/2013\/06\/grissini.jpg\" class=\"attachment-post-thumbnail size-post-thumbnail wp-post-image\" alt=\"Grissini allo yogurt\" decoding=\"async\" loading=\"lazy\" srcset=\"https:\/\/www.cascinalaprimavera.it\/wp-content\/uploads\/2013\/06\/grissini.jpg 2288w, https:\/\/www.cascinalaprimavera.it\/wp-content\/uploads\/2013\/06\/grissini-300x224.jpg 300w, https:\/\/www.cascinalaprimavera.it\/wp-content\/uploads\/2013\/06\/grissini-1024x766.jpg 1024w\" sizes=\"(max-width: 300px) 100vw, 300px\" \/><\/a><\/figure>\n\n<div class=\"wp-block-post-excerpt\"><p class=\"wp-block-post-excerpt__excerpt\">Una croccante prelibatezza che potrete trovare solo da noi, grissini gustosi e dal gusto delicato grazie al nostro yogurt naturale bianco intero! Prezzo base di vendita: a partire da \u20ac 1,20. &nbsp; <\/p><\/div>\n<\/li><li class=\"wp-block-post post-321 post type-post status-publish format-standard has-post-thumbnail hentry category-specialita\">\n<h2 class=\"wp-block-post-title\"><a href=\"https:\/\/www.cascinalaprimavera.it\/?p=321\" target=\"_self\" >Liquori e grappe<\/a><\/h2>\n\n<figure class=\"alignwide wp-block-post-featured-image\"><a href=\"https:\/\/www.cascinalaprimavera.it\/?p=321\" target=\"_self\"  ><img width=\"300\" height=\"224\" src=\"https:\/\/www.cascinalaprimavera.it\/wp-content\/uploads\/2013\/06\/liquori.jpg\" class=\"attachment-post-thumbnail size-post-thumbnail wp-post-image\" alt=\"Liquori e grappe\" decoding=\"async\" loading=\"lazy\" srcset=\"https:\/\/www.cascinalaprimavera.it\/wp-content\/uploads\/2013\/06\/liquori.jpg 2288w, https:\/\/www.cascinalaprimavera.it\/wp-content\/uploads\/2013\/06\/liquori-300x224.jpg 300w, https:\/\/www.cascinalaprimavera.it\/wp-content\/uploads\/2013\/06\/liquori-1024x766.jpg 1024w\" sizes=\"(max-width: 300px) 100vw, 300px\" \/><\/a><\/figure>\n\n<div class=\"wp-block-post-excerpt\"><p class=\"wp-block-post-excerpt__excerpt\">Un prodotto in esclusiva per voi, con la nostra vera polpa di frutta che rende la grappa e il liquore unici! Gusti disponibili: grappa &amp; mele, grappa &amp; pere, liquore fragolino. Sono soggetti a variazione stagionale, in base alla frutta disponibile. Agitare prima di servire! Prezzo base di vendita: a partire da \u20ac 15,00. <\/p><\/div>\n<\/li><li class=\"wp-block-post post-318 post type-post status-publish format-standard has-post-thumbnail hentry category-specialita\">\n<h2 class=\"wp-block-post-title\"><a href=\"https:\/\/www.cascinalaprimavera.it\/?p=318\" target=\"_self\" >Farina da polenta<\/a><\/h2>\n\n<figure class=\"alignwide wp-block-post-featured-image\"><a href=\"https:\/\/www.cascinalaprimavera.it\/?p=318\" target=\"_self\"  ><img width=\"300\" height=\"224\" src=\"https:\/\/www.cascinalaprimavera.it\/wp-content\/uploads\/2013\/06\/farina.jpg\" class=\"attachment-post-thumbnail size-post-thumbnail wp-post-image\" alt=\"Farina da polenta\" decoding=\"async\" loading=\"lazy\" srcset=\"https:\/\/www.cascinalaprimavera.it\/wp-content\/uploads\/2013\/06\/farina.jpg 2288w, https:\/\/www.cascinalaprimavera.it\/wp-content\/uploads\/2013\/06\/farina-300x224.jpg 300w, https:\/\/www.cascinalaprimavera.it\/wp-content\/uploads\/2013\/06\/farina-1024x766.jpg 1024w\" sizes=\"(max-width: 300px) 100vw, 300px\" \/><\/a><\/figure>\n\n<div class=\"wp-block-post-excerpt\"><p class=\"wp-block-post-excerpt__excerpt\">Farina macinata a pietra semiintegrale&#8230; un&#8217;antica bont\u00e0 per riscoprire tutto il buono della tradizione! una farina a grana grossa con i pezzetti di crusca, proprio come si faceva una volta! Prezzo base di vendita: a partire da \u20ac 2,50. <\/p><\/div>\n<\/li><li class=\"wp-block-post post-313 post type-post status-publish format-standard has-post-thumbnail hentry category-specialita\">\n<h2 class=\"wp-block-post-title\"><a href=\"https:\/\/www.cascinalaprimavera.it\/?p=313\" target=\"_self\" >Salame di Bovino &#8220;Turgia&#8221;<\/a><\/h2>\n\n<figure class=\"alignwide wp-block-post-featured-image\"><a href=\"https:\/\/www.cascinalaprimavera.it\/?p=313\" target=\"_self\"  ><img width=\"300\" height=\"224\" src=\"https:\/\/www.cascinalaprimavera.it\/wp-content\/uploads\/2013\/06\/turgia.jpg\" class=\"attachment-post-thumbnail size-post-thumbnail wp-post-image\" alt=\"Salame di Bovino &#8220;Turgia&#8221;\" decoding=\"async\" loading=\"lazy\" srcset=\"https:\/\/www.cascinalaprimavera.it\/wp-content\/uploads\/2013\/06\/turgia.jpg 2288w, https:\/\/www.cascinalaprimavera.it\/wp-content\/uploads\/2013\/06\/turgia-300x224.jpg 300w, https:\/\/www.cascinalaprimavera.it\/wp-content\/uploads\/2013\/06\/turgia-1024x766.jpg 1024w\" sizes=\"(max-width: 300px) 100vw, 300px\" \/><\/a><\/figure>\n\n<div class=\"wp-block-post-excerpt\"><p class=\"wp-block-post-excerpt__excerpt\">Un cacciatorino d&#8217;altri tempi. Il salame di bovino \u00e8 pi\u00f9 leggero ed estremamente pi\u00f9 gustoso del suo \u201ccugino\u201d di suino. Venite a provarlo per credere! Prezzo base di vendita: a partire da \u20ac 4,50. <\/p><\/div>\n<\/li><\/ul><\/div>\n","protected":false},"excerpt":{"rendered":"","protected":false},"author":1,"featured_media":584,"parent":6,"menu_order":0,"comment_status":"closed","ping_status":"closed","template":"","meta":[],"_links":{"self":[{"href":"https:\/\/www.cascinalaprimavera.it\/index.php?rest_route=\/wp\/v2\/pages\/26"}],"collection":[{"href":"https:\/\/www.cascinalaprimavera.it\/index.php?rest_route=\/wp\/v2\/pages"}],"about":[{"href":"https:\/\/www.cascinalaprimavera.it\/index.php?rest_route=\/wp\/v2\/types\/page"}],"author":[{"embeddable":true,"href":"https:\/\/www.cascinalaprimavera.it\/index.php?rest_route=\/wp\/v2\/users\/1"}],"replies":[{"embeddable":true,"href":"https:\/\/www.cascinalaprimavera.it\/index.php?rest_route=%2Fwp%2Fv2%2Fcomments&post=26"}],"version-history":[{"count":11,"href":"https:\/\/www.cascinalaprimavera.it\/index.php?rest_route=\/wp\/v2\/pages\/26\/revisions"}],"predecessor-version":[{"id":898,"href":"https:\/\/www.cascinalaprimavera.it\/index.php?rest_route=\/wp\/v2\/pages\/26\/revisions\/898"}],"up":[{"embeddable":true,"href":"https:\/\/www.cascinalaprimavera.it\/index.php?rest_route=\/wp\/v2\/pages\/6"}],"wp:featuredmedia":[{"embeddable":true,"href":"https:\/\/www.cascinalaprimavera.it\/index.php?rest_route=\/wp\/v2\/media\/584"}],"wp:attachment":[{"href":"https:\/\/www.cascinalaprimavera.it\/index.php?rest_route=%2Fwp%2Fv2%2Fmedia&parent=26"}],"curies":[{"name":"wp","href":"https:\/\/api.w.org\/{rel}","templated":true}]}}