{"id":188,"date":"2013-06-03T15:45:06","date_gmt":"2013-06-03T13:45:06","guid":{"rendered":"http:\/\/localhost\/berta2\/?page_id=188"},"modified":"2023-07-30T16:50:03","modified_gmt":"2023-07-30T14:50:03","slug":"la-distribuzione","status":"publish","type":"page","link":"https:\/\/www.cascinalaprimavera.it\/?page_id=188","title":{"rendered":"La distribuzione"},"content":{"rendered":"\n<p><b><span style=\"text-decoration: underline;\">VENDITA diretta con i nostri DISTRIBUTORI AUTOMATICI in Cascina PRIMAVERA <\/span><\/b>aperti 7 giorni su 7, 24 ore su 24 utilizzando sia monete che banconote con servizio di rendi-resto.<a class=\"\" href=\"http:\/\/www.cascinalaprimavera.it\/wp-content\/uploads\/2013\/06\/distributore.jpg\"><div style=\"overflow:hidden;width:330px; \" class=\"alignright\">\r\n<div style=\"background: transparent url(https:\/\/www.cascinalaprimavera.it\/wp-content\/plugins\/shadows\/shadow_osx.png) no-repeat left top; width: 30px; height: 7px; float: left;\" class=\"shadow_img\"><\/div>\r\n<div style=\"background: transparent url(https:\/\/www.cascinalaprimavera.it\/wp-content\/plugins\/shadows\/shadow_osx.png) no-repeat right top; width: 30px; height: 7px; float: right;\" class=\"shadow_img\"><\/div>\r\n<div style=\"background: transparent url(https:\/\/www.cascinalaprimavera.it\/wp-content\/plugins\/shadows\/shadow_osx_top.png) repeat-x center top; margin: 0 30px; height: 7px;\" class=\"shadow_img\"><\/div>\r\n<table style=\"margin:0;padding:0;width:100%;empty-cells:show;border-collapse:collapse;\"><tr>\r\n<td style=\"margin:0;padding:0;border-width:0;background: transparent url(https:\/\/www.cascinalaprimavera.it\/wp-content\/plugins\/shadows\/shadow_osx.png) no-repeat left -7px; width: 15px; height: 25px;\" class=\"shadow_img\"><\/td>\r\n<td rowspan=2 style=\"margin:0;padding:0;border-width:0; background-color: transparent; line-height:1px;\">\r\n<img decoding=\"async\" loading=\"lazy\" width=\"300\" height=\"224\" class=\" wp-image-225  shadow_osx\" src=\"http:\/\/www.cascinalaprimavera.it\/wp-content\/uploads\/2013\/06\/distributore-300x224.jpg\" alt=\"distributore\" srcset=\"https:\/\/www.cascinalaprimavera.it\/wp-content\/uploads\/2013\/06\/distributore-300x224.jpg 300w, https:\/\/www.cascinalaprimavera.it\/wp-content\/uploads\/2013\/06\/distributore-1024x766.jpg 1024w\" sizes=\"(max-width: 300px) 100vw, 300px\"  style=\"padding:0 !important; margin:0 !important; vertical-align:text-bottom !important; min-height: 25px !important;\">\r\n<\/td>\r\n<td style=\"margin:0;padding:0;border-width:0;background: transparent url(https:\/\/www.cascinalaprimavera.it\/wp-content\/plugins\/shadows\/shadow_osx.png) no-repeat right -7px; width: 15px; height: 25px;\" class=\"shadow_img\"><\/td>\r\n<\/tr>\r\n<tr>\r\n<td style=\"background: transparent url(https:\/\/www.cascinalaprimavera.it\/wp-content\/plugins\/shadows\/shadow_osx_left.png) repeat-y left center; width: 15px;margin:0;padding:0;border-width:0;\" class=\"shadow_img\"><\/td>\r\n<td style=\"background: transparent url(https:\/\/www.cascinalaprimavera.it\/wp-content\/plugins\/shadows\/shadow_osx_right.png) repeat-y right center; width: 15px;margin:0;padding:0;border-width:0;\" class=\"shadow_img\"><\/td>\r\n<\/tr>\r\n<\/table>\r\n<div style=\"background: transparent url(https:\/\/www.cascinalaprimavera.it\/wp-content\/plugins\/shadows\/shadow_osx.png) no-repeat left bottom; width: 30px; height: 23px; float: left;\" class=\"shadow_img\"><\/div>\r\n<div style=\"background: transparent url(https:\/\/www.cascinalaprimavera.it\/wp-content\/plugins\/shadows\/shadow_osx.png) no-repeat right bottom; width: 30px; height: 23px; float: right;\" class=\"shadow_img\"><\/div>\r\n<div style=\"background: transparent url(https:\/\/www.cascinalaprimavera.it\/wp-content\/plugins\/shadows\/shadow_osx_bottom.png) repeat-x center bottom; margin: 0 30px; height: 23px;\" class=\"shadow_img\"><\/div>\r\n<\/div>\r\n<\/a><\/p>\n\n\n\n<p>I prodotti acquistati sono tutti confezionati, facili da trasportare per consumarli dove volete, \u2026 anche direttamente in cascina! Per questo abbiamo creato un&#8217;area in mezzo al verde, adiacente ai distributori, riservata ai clienti, dove potrete concedervi una pausa naturale, con prodotti buoni e genuini, che semplicemente chiamiamo: <b>\u201cMerenda in Cascina\u201d.<\/b><\/p>\n\n\n\n<ul>\n<li>Distributore di latte pastorizzato, formaggi, yogurt, tomini, ecc ecc<\/li>\n\n\n\n<li>Distributore di gelato su stecco<\/li>\n\n\n\n<li>Distributore di gelato in coppetta o cono<\/li>\n\n\n\n<li>Distributore di caff\u00e8<\/li>\n<\/ul>\n\n\n\n<p class=\"has-text-align-left\"><strong>VENDITA diretta con il nostro distributore automatico in Rivara C.se:<\/strong> aperto 7 giorni su 7, 24 ore su 24 il nostro distributore in Piazza Benvenuta vi garantisce il rifornimento DIRETTAMENTE DAL PRODUTTORE AL CONSUMATORE di latte pastorizzato, yogurt, budini, salami di turgia, succhi, marmellate, gelati e una vasta scelta di formaggi. Accetta monete e banconote e d\u00e0 resto.<\/p>\n\n\n<div class=\"wp-block-image\">\n<figure class=\"alignleft\"><a class=\"\" href=\"http:\/\/www.cascinalaprimavera.it\/wp-content\/uploads\/2013\/06\/famiglia.jpg\"><img decoding=\"async\" loading=\"lazy\" width=\"300\" height=\"224\" src=\"http:\/\/www.cascinalaprimavera.it\/wp-content\/uploads\/2013\/06\/famiglia-300x224.jpg\" alt=\"famiglia\" class=\"wp-image-227\" srcset=\"https:\/\/www.cascinalaprimavera.it\/wp-content\/uploads\/2013\/06\/famiglia-300x224.jpg 300w, https:\/\/www.cascinalaprimavera.it\/wp-content\/uploads\/2013\/06\/famiglia-1024x766.jpg 1024w\" sizes=\"(max-width: 300px) 100vw, 300px\" \/><\/a><\/figure><\/div>\n\n\n<p><b>GRANDI FORNITURE: SPECIALIZZATI IN MONOPORZIONI, <\/b>con tutti i nostri prodotti siamo disponibili per forniture in occasione di <i>fiere, manifestazioni, sagre, servizi personalizzati a Pro-Loco ed Enti<\/i>. Per info 0124.616486 &#8211; 338.3982159<b>.<\/b><\/p>\n\n\n\n<p>Possiamo realizzare <b>BOMBONIERE personalizzate<\/b> per ogni occasione con i nostri prodotti a km 0 (succhi, composte, liquori, ecc&#8230;). PREAVVISO MINIMO 6 MESI. Per info 0124.616486 &#8211; 338.3982159<b> &#8211; <\/b>info@cascinalaprimavera.it.<\/p>\n\n\n\n<p><b>FORNITURA A CLIENTI CON P.IVA:<\/b> siamo a disposizione con&nbsp;i nostri prodotti, in particolare LATTE FRESCO PASTORIZZATO, YOGURT E FORMAGGI per la fornitura di<b> <i>bar, pasticcerie, panetterie, ristoranti, rifugi<\/i><\/b> e chiunque sia interessato a lavorare con i nostri prodotti. Per info 0124.616486 &#8211; 338.3982159<b>.<\/b><\/p>\n\n\n\n<p><b>VENDITA IN CASCINA: <\/b>&nbsp;solo per LA FRUTTA nella stagione autunno-invernale nei seguenti giorni: luned\u00ec, marted\u00ec, mercoled\u00ec e venerd\u00ec SU PRENOTAZIONE, sabato con orario 9- 13, POMERIGGIO SU PRENOTAZIONE. <br>PRENOTAZIONE FRUTTA &nbsp;e INFO 333.2244019 &#8211; 0124.616486<b> &#8211; <\/b>info@cascinalaprimavera.it<span style=\"font-size: 12px; text-align: justify; background-color: #f2f1e8;\">.<\/span><\/p>\n\n\n\n<p>Per quantit\u00e0 superiori o diverse da quelle offerte ai distributori, il sabato mattina siamo disponibili in Cascina, inoltre si possono valutare particolari esigenze personali.<\/p>\n\n\n\n<ul>\n<li><b>MERENDA A SCUOLA: <\/b>consegna in alcune scuole della merenda, aderendo ai progetti di educazione alimentare e sane abitudini: <b>\u201cMERENDA SANA A SCUOLA\u201d<\/b>, perch\u00e8 seguiamo un&#8217;ottica di \u201calimentazione sana\u201d,&nbsp; <b>&nbsp;<\/b>proponendo ai bambini uno spuntino\/merenda alternativo a base di frutta fresca di stagione, succhi&amp;polpa di frutta, sorbetti di frutta, budini e yogurt \u2026 tutto rigorosamente di \u201cnostra produzione\u201d. Per info 0124.616486 \u2013 338.3982159 <b>&#8211; <\/b>info@cascinalaprimavera.it.<\/li>\n\n\n\n<li><b>CONSEGNA A DOMICILIO<\/b>: nei paesi di Valperga, Pertusio, Cuorgn\u00e8, Pont, Rivara. Valutazioni personalizzate e altre localit\u00e0 da concordare. Per info 0124.616486 &#8211; 338.3982159 &#8211; 333.2244019 &nbsp;&#8211; info@cascinalaprimavera.it.<\/li>\n<\/ul>\n","protected":false},"excerpt":{"rendered":"<p>VENDITA diretta con i nostri DISTRIBUTORI AUTOMATICI in Cascina PRIMAVERA aperti 7 giorni su 7, 24 ore su 24 utilizzando sia monete che banconote con servizio di rendi-resto. I prodotti acquistati sono tutti confezionati, facili da trasportare per consumarli dove volete, \u2026 anche direttamente in cascina! Per questo abbiamo creato un&#8217;area in mezzo al verde,&hellip;<\/p>\n","protected":false},"author":1,"featured_media":42,"parent":0,"menu_order":0,"comment_status":"closed","ping_status":"closed","template":"","meta":[],"_links":{"self":[{"href":"https:\/\/www.cascinalaprimavera.it\/index.php?rest_route=\/wp\/v2\/pages\/188"}],"collection":[{"href":"https:\/\/www.cascinalaprimavera.it\/index.php?rest_route=\/wp\/v2\/pages"}],"about":[{"href":"https:\/\/www.cascinalaprimavera.it\/index.php?rest_route=\/wp\/v2\/types\/page"}],"author":[{"embeddable":true,"href":"https:\/\/www.cascinalaprimavera.it\/index.php?rest_route=\/wp\/v2\/users\/1"}],"replies":[{"embeddable":true,"href":"https:\/\/www.cascinalaprimavera.it\/index.php?rest_route=%2Fwp%2Fv2%2Fcomments&post=188"}],"version-history":[{"count":33,"href":"https:\/\/www.cascinalaprimavera.it\/index.php?rest_route=\/wp\/v2\/pages\/188\/revisions"}],"predecessor-version":[{"id":1004,"href":"https:\/\/www.cascinalaprimavera.it\/index.php?rest_route=\/wp\/v2\/pages\/188\/revisions\/1004"}],"wp:featuredmedia":[{"embeddable":true,"href":"https:\/\/www.cascinalaprimavera.it\/index.php?rest_route=\/wp\/v2\/media\/42"}],"wp:attachment":[{"href":"https:\/\/www.cascinalaprimavera.it\/index.php?rest_route=%2Fwp%2Fv2%2Fmedia&parent=188"}],"curies":[{"name":"wp","href":"https:\/\/api.w.org\/{rel}","templated":true}]}}